{"id":2762,"date":"2020-04-17T12:34:11","date_gmt":"2020-04-17T10:34:11","guid":{"rendered":"http:\/\/schule-in-adorf.de\/?page_id=2762"},"modified":"2025-09-05T09:49:49","modified_gmt":"2025-09-05T07:49:49","slug":"unsere-klassen","status":"publish","type":"page","link":"https:\/\/schule-in-adorf.de\/?page_id=2762","title":{"rendered":"Unsere Klassen"},"content":{"rendered":"\n<div class=\"wp-block-media-text alignwide is-stacked-on-mobile\" style=\"grid-template-columns:32% auto\"><figure class=\"wp-block-media-text__media\"><img loading=\"lazy\" decoding=\"async\" width=\"273\" height=\"274\" src=\"https:\/\/i0.wp.com\/schule-in-adorf.de\/wp-content\/uploads\/2020\/08\/f.jwwb_.nl_public_o_l_k_temp-heuwibdicyqcdfsfvssl_db2k3s_Kinder-Weltkugel20x20.jpg?resize=273%2C274&#038;ssl=1\" alt=\"\" class=\"wp-image-3378 size-full\" srcset=\"https:\/\/i0.wp.com\/schule-in-adorf.de\/wp-content\/uploads\/2020\/08\/f.jwwb_.nl_public_o_l_k_temp-heuwibdicyqcdfsfvssl_db2k3s_Kinder-Weltkugel20x20.jpg?w=273&amp;ssl=1 273w, https:\/\/i0.wp.com\/schule-in-adorf.de\/wp-content\/uploads\/2020\/08\/f.jwwb_.nl_public_o_l_k_temp-heuwibdicyqcdfsfvssl_db2k3s_Kinder-Weltkugel20x20.jpg?resize=150%2C150&amp;ssl=1 150w, https:\/\/i0.wp.com\/schule-in-adorf.de\/wp-content\/uploads\/2020\/08\/f.jwwb_.nl_public_o_l_k_temp-heuwibdicyqcdfsfvssl_db2k3s_Kinder-Weltkugel20x20.jpg?resize=85%2C85&amp;ssl=1 85w\" sizes=\"(max-width: 273px) 100vw, 273px\" data-recalc-dims=\"1\" \/><\/figure><div class=\"wp-block-media-text__content\">\n<p class=\"has-text-align-center has-normal-font-size\">An unserer Schule lernen derzeit 9 Klassen von Klasse 1 bis 4 mit insgesamt 146 Sch\u00fclerinnen und Sch\u00fclern. Da die Grundschule Adorf\/V. eine St\u00fctzpunktschule f\u00fcr Deutsch als Zweitsprache ist, gibt es bei uns eine extra <strong>DaZ-Klasse<\/strong>.<\/p>\n<\/div><\/div>\n\n\n\n<p><strong><span class=\"has-inline-color has-central-palette-2-color\"><span style=\"text-decoration: underline;\">Daz <\/span><\/span><span style=\"text-decoration: underline;\"><span class=\"has-inline-color has-central-palette-1-color\">&#8211; Was bedeutet das?<\/span><\/span><\/strong><br \/><strong><span class=\"has-inline-color has-central-palette-2-color\">D<\/span>eutsch <span class=\"has-inline-color has-central-palette-2-color\">a<\/span>ls<span class=\"has-inline-color has-central-palette-2-color\"> Z<\/span>weitsprache<\/strong><\/p>\n\n\n\n<p class=\"has-text-align-center\">An unserer Grundschule Adorf lernen seit 2018 Kinder aus verschiedenen L\u00e4ndern. Je nach Sprach- und Lernfortschritt durchlaufen sie verschiedene DaZ- Stufen und werden f\u00fcr mindestens drei Stunden am Tag durch ihre Betreuungslehrerin in Deutsch und Mathematik unterrichtet. Anschlie\u00dfend nehmen sie in ihren Regelklassen am normalen Unterricht (Sachunterricht, Musik, Sport, Werken, Kunst) sowie an den gesamtschulischen Veranstaltungen teil. Durch eine sehr aufwendige differenzierte Vorbereitung (unterschiedliche Altersstufen in einer Klasse) bzw. Methodenvielfalt durch die Lehrkraft, ist auch eine neue Reichhaltigkeit des Lehr \u2013und Lernmaterials unabdingbar, die es den Kindern erm\u00f6glichen, ihre Sprachkompetenz zu erweitern. Wer dann auch noch im Anschluss nach dem Unterricht in einem der beiden Horteinrichtungen angemeldet ist, der punktet gleich zweimal. Spielerisches Lernen durch Gruppen- und Gemeinschaftsspiele f\u00f6rdern auch dort den deutschen Spracherwerb in lebensnahen Situationen.<\/p>\n\n\n\n<h2 class=\"wp-block-heading\">Unsere Klassen <\/h2>\n\n\n\n<h4 class=\"wp-block-heading\">Schuljahr 2025\/26<\/h4>\n\n\n\n<div class=\"wp-block-media-text alignwide has-media-on-the-right is-stacked-on-mobile\" style=\"grid-template-columns:auto 58%\"><div class=\"wp-block-media-text__content\">\n<ul>\n<li><span style=\"background-color:rgba(0, 0, 0, 0)\" class=\"has-inline-color has-central-palette-2-color\"><strong>Klassen 1<\/strong>:<\/span>\n<ul>\n<li>1a: Fr. Aechtner<\/li>\n\n\n\n<li>1b: Fr. A. Meinel<\/li>\n<\/ul>\n<\/li>\n\n\n\n<li><strong><span class=\"has-inline-color has-central-palette-2-color\">Klassen 2:<\/span><\/strong>\n<ul>\n<li>2a: Fr. Wagner<\/li>\n\n\n\n<li>2b: Hr. Meinhold<\/li>\n<\/ul>\n<\/li>\n\n\n\n<li><strong><span class=\"has-inline-color has-central-palette-2-color\">Klassen 3:<\/span><\/strong>\n<ul>\n<li>3a: Fr. A. Seifert<\/li>\n\n\n\n<li>3b: Fr. Grellmann<\/li>\n<\/ul>\n<\/li>\n\n\n\n<li><strong><span class=\"has-inline-color has-central-palette-2-color\">Klassen 4:<\/span><\/strong>\n<ul>\n<li>4a: Fr. H. Meinel<\/li>\n\n\n\n<li>4b: Fr. Beck<\/li>\n<\/ul>\n<\/li>\n\n\n\n<li><strong><span style=\"background-color:rgba(0, 0, 0, 0)\" class=\"has-inline-color has-central-palette-2-color\">DaZ:<\/span><\/strong> Fr. Corbach<br \/>      <\/li>\n<\/ul>\n<\/div><figure class=\"wp-block-media-text__media\"><img loading=\"lazy\" decoding=\"async\" width=\"840\" height=\"560\" src=\"https:\/\/i0.wp.com\/schule-in-adorf.de\/wp-content\/uploads\/2020\/09\/school-1974369_1920.jpg?resize=840%2C560&#038;ssl=1\" alt=\"\" class=\"wp-image-3501 size-full\" srcset=\"https:\/\/i0.wp.com\/schule-in-adorf.de\/wp-content\/uploads\/2020\/09\/school-1974369_1920.jpg?resize=1024%2C683&amp;ssl=1 1024w, https:\/\/i0.wp.com\/schule-in-adorf.de\/wp-content\/uploads\/2020\/09\/school-1974369_1920.jpg?resize=300%2C200&amp;ssl=1 300w, https:\/\/i0.wp.com\/schule-in-adorf.de\/wp-content\/uploads\/2020\/09\/school-1974369_1920.jpg?resize=768%2C512&amp;ssl=1 768w, https:\/\/i0.wp.com\/schule-in-adorf.de\/wp-content\/uploads\/2020\/09\/school-1974369_1920.jpg?resize=1536%2C1024&amp;ssl=1 1536w, https:\/\/i0.wp.com\/schule-in-adorf.de\/wp-content\/uploads\/2020\/09\/school-1974369_1920.jpg?resize=1000%2C667&amp;ssl=1 1000w, https:\/\/i0.wp.com\/schule-in-adorf.de\/wp-content\/uploads\/2020\/09\/school-1974369_1920.jpg?resize=450%2C300&amp;ssl=1 450w, https:\/\/i0.wp.com\/schule-in-adorf.de\/wp-content\/uploads\/2020\/09\/school-1974369_1920.jpg?w=1920&amp;ssl=1 1920w, https:\/\/i0.wp.com\/schule-in-adorf.de\/wp-content\/uploads\/2020\/09\/school-1974369_1920.jpg?w=1680&amp;ssl=1 1680w\" sizes=\"(max-width: 840px) 100vw, 840px\" data-recalc-dims=\"1\" \/><\/figure><\/div>\n\n\n\n<p><\/p>\n","protected":false},"excerpt":{"rendered":"<p>An unserer Schule lernen derzeit 9 Klassen von Klasse 1 bis 4 mit insgesamt 146 Sch\u00fclerinnen und Sch\u00fclern. Da die Grundschule Adorf\/V. eine St\u00fctzpunktschule f\u00fcr Deutsch als Zweitsprache ist, gibt es bei uns eine extra DaZ-Klasse. Daz &#8211; Was bedeutet das?Deutsch als Zweitsprache An unserer Grundschule Adorf lernen seit 2018 Kinder aus verschiedenen L\u00e4ndern. Je [&hellip;]<\/p>\n","protected":false},"author":40,"featured_media":0,"parent":0,"menu_order":0,"comment_status":"closed","ping_status":"closed","template":"","meta":{"ngg_post_thumbnail":0,"footnotes":""},"jetpack_sharing_enabled":true,"_links":{"self":[{"href":"https:\/\/schule-in-adorf.de\/index.php?rest_route=\/wp\/v2\/pages\/2762"}],"collection":[{"href":"https:\/\/schule-in-adorf.de\/index.php?rest_route=\/wp\/v2\/pages"}],"about":[{"href":"https:\/\/schule-in-adorf.de\/index.php?rest_route=\/wp\/v2\/types\/page"}],"author":[{"embeddable":true,"href":"https:\/\/schule-in-adorf.de\/index.php?rest_route=\/wp\/v2\/users\/40"}],"replies":[{"embeddable":true,"href":"https:\/\/schule-in-adorf.de\/index.php?rest_route=%2Fwp%2Fv2%2Fcomments&post=2762"}],"version-history":[{"count":17,"href":"https:\/\/schule-in-adorf.de\/index.php?rest_route=\/wp\/v2\/pages\/2762\/revisions"}],"predecessor-version":[{"id":4726,"href":"https:\/\/schule-in-adorf.de\/index.php?rest_route=\/wp\/v2\/pages\/2762\/revisions\/4726"}],"wp:attachment":[{"href":"https:\/\/schule-in-adorf.de\/index.php?rest_route=%2Fwp%2Fv2%2Fmedia&parent=2762"}],"curies":[{"name":"wp","href":"https:\/\/api.w.org\/{rel}","templated":true}]}}