{"id":2765,"date":"2020-04-17T12:34:11","date_gmt":"2020-04-17T10:34:11","guid":{"rendered":"http:\/\/schule-in-adorf.de\/?page_id=2765"},"modified":"2025-09-05T09:40:09","modified_gmt":"2025-09-05T07:40:09","slug":"schulmilch","status":"publish","type":"page","link":"https:\/\/schule-in-adorf.de\/?page_id=2765","title":{"rendered":"Schulmilch"},"content":{"rendered":"\n<div class=\"wp-block-group alignwide is-layout-flow wp-block-group-is-layout-flow\"><div class=\"wp-block-group__inner-container\">\n<div class=\"wp-block-media-text alignwide is-stacked-on-mobile\" style=\"grid-template-columns:15% auto\"><figure class=\"wp-block-media-text__media\"><img loading=\"lazy\" decoding=\"async\" width=\"162\" height=\"508\" src=\"https:\/\/i0.wp.com\/schule-in-adorf.de\/wp-content\/uploads\/2022\/09\/image-gif-attachment.gif?resize=162%2C508&#038;ssl=1\" alt=\"\" class=\"wp-image-4193 size-full\" data-recalc-dims=\"1\"\/><\/figure><div class=\"wp-block-media-text__content\">\n<p class=\"has-text-align-center\">In unserer Schule bieten wir t\u00e4glich Schulmilch von <a href=\"https:\/\/joeclever.de\/\" target=\"_blank\" rel=\"noreferrer noopener\">Joe Clever<\/a> an. Die Milchmarken (10 Stk.) k\u00f6nnen im Sekretariat w\u00e4hrend der ersten gro\u00dfen Pause f\u00fcr 5,40\u20ac gekauft werden.<\/p>\n<\/div><\/div>\n\n\n\n<div class=\"wp-block-media-text alignwide has-media-on-the-right is-stacked-on-mobile\" style=\"grid-template-columns:auto 15%\"><div class=\"wp-block-media-text__content\">\n<p class=\"has-text-align-center\"><strong><span style=\"background-color:rgba(0, 0, 0, 0)\" class=\"has-inline-color has-central-palette-2-color\">Sorten<\/span><\/strong><span style=\"background-color:rgba(0, 0, 0, 0)\" class=\"has-inline-color has-central-palette-2-color\">: <\/span><br \/>Vollmilch, Erdbeere, Banane, <br \/>Vanille, Schoko, Toffee<\/p>\n<\/div><figure class=\"wp-block-media-text__media\"><img loading=\"lazy\" decoding=\"async\" width=\"162\" height=\"508\" src=\"https:\/\/i0.wp.com\/schule-in-adorf.de\/wp-content\/uploads\/2022\/09\/image-gif-attachment2-2.gif?resize=162%2C508&#038;ssl=1\" alt=\"\" class=\"wp-image-4197 size-full\" data-recalc-dims=\"1\"\/><\/figure><\/div>\n<\/div><\/div>\n\n\n\n<div class=\"wp-block-group is-layout-flow wp-block-group-is-layout-flow\"><div class=\"wp-block-group__inner-container\">\n<p><\/p>\n<\/div><\/div>\n","protected":false},"excerpt":{"rendered":"<p>In unserer Schule bieten wir t\u00e4glich Schulmilch von Joe Clever an. Die Milchmarken (10 Stk.) k\u00f6nnen im Sekretariat w\u00e4hrend der ersten gro\u00dfen Pause f\u00fcr 5,40\u20ac gekauft werden. Sorten: Vollmilch, Erdbeere, Banane, Vanille, Schoko, Toffee<\/p>\n","protected":false},"author":40,"featured_media":0,"parent":0,"menu_order":0,"comment_status":"closed","ping_status":"closed","template":"","meta":{"ngg_post_thumbnail":0,"footnotes":""},"jetpack_sharing_enabled":true,"_links":{"self":[{"href":"https:\/\/schule-in-adorf.de\/index.php?rest_route=\/wp\/v2\/pages\/2765"}],"collection":[{"href":"https:\/\/schule-in-adorf.de\/index.php?rest_route=\/wp\/v2\/pages"}],"about":[{"href":"https:\/\/schule-in-adorf.de\/index.php?rest_route=\/wp\/v2\/types\/page"}],"author":[{"embeddable":true,"href":"https:\/\/schule-in-adorf.de\/index.php?rest_route=\/wp\/v2\/users\/40"}],"replies":[{"embeddable":true,"href":"https:\/\/schule-in-adorf.de\/index.php?rest_route=%2Fwp%2Fv2%2Fcomments&post=2765"}],"version-history":[{"count":9,"href":"https:\/\/schule-in-adorf.de\/index.php?rest_route=\/wp\/v2\/pages\/2765\/revisions"}],"predecessor-version":[{"id":4719,"href":"https:\/\/schule-in-adorf.de\/index.php?rest_route=\/wp\/v2\/pages\/2765\/revisions\/4719"}],"wp:attachment":[{"href":"https:\/\/schule-in-adorf.de\/index.php?rest_route=%2Fwp%2Fv2%2Fmedia&parent=2765"}],"curies":[{"name":"wp","href":"https:\/\/api.w.org\/{rel}","templated":true}]}}