{"id":2766,"date":"2020-04-17T12:34:11","date_gmt":"2020-04-17T10:34:11","guid":{"rendered":"http:\/\/schule-in-adorf.de\/?page_id=2766"},"modified":"2025-09-05T09:42:56","modified_gmt":"2025-09-05T07:42:56","slug":"mittagessen","status":"publish","type":"page","link":"https:\/\/schule-in-adorf.de\/?page_id=2766","title":{"rendered":"Mittagessen"},"content":{"rendered":"<div class=\"wp-block-image\">\n<figure class=\"aligncenter size-large\"><img loading=\"lazy\" decoding=\"async\" width=\"625\" height=\"163\" src=\"https:\/\/i0.wp.com\/schule-in-adorf.de\/wp-content\/uploads\/2023\/03\/image0011734.png?resize=625%2C163&#038;ssl=1\" alt=\"\" class=\"wp-image-4304\" srcset=\"https:\/\/i0.wp.com\/schule-in-adorf.de\/wp-content\/uploads\/2023\/03\/image0011734.png?w=625&amp;ssl=1 625w, https:\/\/i0.wp.com\/schule-in-adorf.de\/wp-content\/uploads\/2023\/03\/image0011734.png?resize=300%2C78&amp;ssl=1 300w\" sizes=\"(max-width: 625px) 100vw, 625px\" data-recalc-dims=\"1\" \/><\/figure><\/div>\n\n\n<p class=\"has-text-align-center\">Jedes Kind kann an unserer Schule t\u00e4glich ein warmes Mittagessen einnehmen. Der aktuelle Preis f\u00fcr ein Essen betr\u00e4gt 3,40\u20ac . Auf der <a href=\"https:\/\/vielfaltmenue.com\/index.html\" target=\"_blank\" rel=\"noreferrer noopener\">Website von Vielfaltmen\u00fc<\/a> k\u00f6nnen Sie sich registrieren und anschlie\u00dfend \u00fcber die <a href=\"https:\/\/vielfaltmenue.com\/unser-essen\/so-funktionierts.html\" target=\"_blank\" rel=\"noreferrer noopener\">App <\/a>einfach ihr Kind zum Essen an-\/abmelden.<\/p>\n\n\n\n<div data-wp-interactive=\"\" class=\"wp-block-file\"><object data-wp-bind--hidden=\"!selectors.core.file.hasPdfPreview\" hidden class=\"wp-block-file__embed\" data=\"https:\/\/schule-in-adorf.de\/wp-content\/uploads\/2024\/01\/Onlinessensversorgung_Deutsch.pdf\" type=\"application\/pdf\" style=\"width:100%;height:600px\" aria-label=\"Einbettung von Onlinessensversorgung_Deutsch.\"><\/object><a id=\"wp-block-file--media-2f445c76-1c68-43d0-b279-1c23012e43f3\" href=\"https:\/\/schule-in-adorf.de\/wp-content\/uploads\/2024\/01\/Onlinessensversorgung_Deutsch.pdf\">Onlinessensversorgung_Deutsch<\/a><a href=\"https:\/\/schule-in-adorf.de\/wp-content\/uploads\/2024\/01\/Onlinessensversorgung_Deutsch.pdf\" class=\"wp-block-file__button wp-element-button\" download aria-describedby=\"wp-block-file--media-2f445c76-1c68-43d0-b279-1c23012e43f3\">Herunterladen<\/a><\/div>\n\n\n\n<div class=\"wp-block-file\"><a id=\"wp-block-file--media-fb5f411c-57de-4aeb-ad3c-96e02d353c22\" href=\"https:\/\/schule-in-adorf.de\/wp-content\/uploads\/2024\/01\/Onlinessensversorgung_Englisch.pdf\">Onlinessensversorgung_Englisch<\/a><a href=\"https:\/\/schule-in-adorf.de\/wp-content\/uploads\/2024\/01\/Onlinessensversorgung_Englisch.pdf\" class=\"wp-block-file__button wp-element-button\" download aria-describedby=\"wp-block-file--media-fb5f411c-57de-4aeb-ad3c-96e02d353c22\">Herunterladen<\/a><\/div>\n\n\n\n<div class=\"wp-block-file\"><a id=\"wp-block-file--media-d9d6d6ed-84c7-458b-b3c7-403bc4cbd602\" href=\"https:\/\/schule-in-adorf.de\/wp-content\/uploads\/2024\/01\/Onlinessensversorgung_Tuerkisch.pdf\">Onlinessensversorgung_Tuerkisch<\/a><a href=\"https:\/\/schule-in-adorf.de\/wp-content\/uploads\/2024\/01\/Onlinessensversorgung_Tuerkisch.pdf\" class=\"wp-block-file__button wp-element-button\" download aria-describedby=\"wp-block-file--media-d9d6d6ed-84c7-458b-b3c7-403bc4cbd602\">Herunterladen<\/a><\/div>\n\n\n\n<div class=\"wp-block-file\"><a id=\"wp-block-file--media-df831b5d-ba9b-4c19-99a6-27e4574fd002\" href=\"https:\/\/schule-in-adorf.de\/wp-content\/uploads\/2024\/01\/Vielfaltmenue_Bildung-und-Teilhabe.pdf\">Vielfaltmen\u00fc Bildung und Teilhabe Leistungen<\/a><a href=\"https:\/\/schule-in-adorf.de\/wp-content\/uploads\/2024\/01\/Vielfaltmenue_Bildung-und-Teilhabe.pdf\" class=\"wp-block-file__button wp-element-button\" download aria-describedby=\"wp-block-file--media-df831b5d-ba9b-4c19-99a6-27e4574fd002\">Herunterladen<\/a><\/div>\n\n\n\n<div class=\"wp-block-file\"><a id=\"wp-block-file--media-f2ffdd7f-9c4a-438b-9f7d-732638204ab8\" href=\"https:\/\/schule-in-adorf.de\/wp-content\/uploads\/2025\/09\/Kontakt-Vielfaltmenue.pdf\">Kontakt Vielfaltmen\u00fc<\/a><a href=\"https:\/\/schule-in-adorf.de\/wp-content\/uploads\/2025\/09\/Kontakt-Vielfaltmenue.pdf\" class=\"wp-block-file__button wp-element-button\" download aria-describedby=\"wp-block-file--media-f2ffdd7f-9c4a-438b-9f7d-732638204ab8\">Herunterladen<\/a><\/div>\n","protected":false},"excerpt":{"rendered":"<p>Jedes Kind kann an unserer Schule t\u00e4glich ein warmes Mittagessen einnehmen. Der aktuelle Preis f\u00fcr ein Essen betr\u00e4gt 3,40\u20ac . Auf der Website von Vielfaltmen\u00fc k\u00f6nnen Sie sich registrieren und anschlie\u00dfend \u00fcber die App einfach ihr Kind zum Essen an-\/abmelden.<\/p>\n","protected":false},"author":40,"featured_media":0,"parent":0,"menu_order":0,"comment_status":"closed","ping_status":"closed","template":"","meta":{"ngg_post_thumbnail":0,"footnotes":""},"jetpack_sharing_enabled":true,"_links":{"self":[{"href":"https:\/\/schule-in-adorf.de\/index.php?rest_route=\/wp\/v2\/pages\/2766"}],"collection":[{"href":"https:\/\/schule-in-adorf.de\/index.php?rest_route=\/wp\/v2\/pages"}],"about":[{"href":"https:\/\/schule-in-adorf.de\/index.php?rest_route=\/wp\/v2\/types\/page"}],"author":[{"embeddable":true,"href":"https:\/\/schule-in-adorf.de\/index.php?rest_route=\/wp\/v2\/users\/40"}],"replies":[{"embeddable":true,"href":"https:\/\/schule-in-adorf.de\/index.php?rest_route=%2Fwp%2Fv2%2Fcomments&post=2766"}],"version-history":[{"count":14,"href":"https:\/\/schule-in-adorf.de\/index.php?rest_route=\/wp\/v2\/pages\/2766\/revisions"}],"predecessor-version":[{"id":4722,"href":"https:\/\/schule-in-adorf.de\/index.php?rest_route=\/wp\/v2\/pages\/2766\/revisions\/4722"}],"wp:attachment":[{"href":"https:\/\/schule-in-adorf.de\/index.php?rest_route=%2Fwp%2Fv2%2Fmedia&parent=2766"}],"curies":[{"name":"wp","href":"https:\/\/api.w.org\/{rel}","templated":true}]}}