{"id":2808,"date":"2020-04-17T12:39:20","date_gmt":"2020-04-17T10:39:20","guid":{"rendered":"http:\/\/schule-in-adorf.de\/?page_id=2808"},"modified":"2025-09-05T10:22:37","modified_gmt":"2025-09-05T08:22:37","slug":"formulare","status":"publish","type":"page","link":"https:\/\/schule-in-adorf.de\/?page_id=2808","title":{"rendered":"Formulare"},"content":{"rendered":"\n<p><strong><span style=\"background-color:rgba(0, 0, 0, 0)\" class=\"has-inline-color has-central-palette-2-color\">Allgemein<\/span><\/strong><\/p>\n\n\n\n<div class=\"wp-block-file\"><a id=\"wp-block-file--media-125b81c2-f707-431d-a45c-a8ccc424a683\" href=\"https:\/\/schule-in-adorf.de\/wp-content\/uploads\/2025\/09\/Antrag-Schuelerbefoerderung-SJ-25_26.pdf\">Antrag Sch\u00fclerbef\u00f6rderung SJ 25_26<\/a><a href=\"https:\/\/schule-in-adorf.de\/wp-content\/uploads\/2025\/09\/Antrag-Schuelerbefoerderung-SJ-25_26.pdf\" class=\"wp-block-file__button wp-element-button\" download aria-describedby=\"wp-block-file--media-125b81c2-f707-431d-a45c-a8ccc424a683\">Herunterladen<\/a><\/div>\n\n\n\n<p class=\"has-text-align-left\">F\u00fcr einen wirksamen Antrag zur Sch\u00fclerbef\u00f6rderung ben\u00f6tigen Sie den Stempel der Schule, welchen Sie im Sekretariat bekommen.<\/p>\n\n\n\n<div class=\"wp-block-file\"><a id=\"wp-block-file--media-e5a619d7-d91b-455b-a7c2-0f57ce1d94da\" href=\"https:\/\/schule-in-adorf.de\/wp-content\/uploads\/2025\/09\/Informationsschreiben-OePNV.pdf\">Informationsschreiben \u00d6PNV<\/a><a href=\"https:\/\/schule-in-adorf.de\/wp-content\/uploads\/2025\/09\/Informationsschreiben-OePNV.pdf\" class=\"wp-block-file__button wp-element-button\" download aria-describedby=\"wp-block-file--media-e5a619d7-d91b-455b-a7c2-0f57ce1d94da\">Herunterladen<\/a><\/div>\n\n\n\n<hr class=\"wp-block-separator has-alpha-channel-opacity\"\/>\n\n\n\n<div class=\"wp-block-file\"><a id=\"wp-block-file--media-b9df500d-e3f7-4707-b8ed-d2067bbe9f96\" href=\"https:\/\/schule-in-adorf.de\/wp-content\/uploads\/2022\/09\/Veraenderungsanzeige.pdf\">Ver\u00e4nderungsanzeige der Kontaktdaten<\/a><a href=\"https:\/\/schule-in-adorf.de\/wp-content\/uploads\/2022\/09\/Veraenderungsanzeige.pdf\" class=\"wp-block-file__button wp-element-button\" download aria-describedby=\"wp-block-file--media-b9df500d-e3f7-4707-b8ed-d2067bbe9f96\">Herunterladen<\/a><\/div>\n\n\n\n<div class=\"wp-block-file\"><a id=\"wp-block-file--media-3d36b23f-c9af-4eaa-9cb2-a1b6b9098418\" href=\"https:\/\/schule-in-adorf.de\/wp-content\/uploads\/2024\/01\/S25C-924011713480.pdf\">Antrag auf Freistellung\/ Beurlaubung vom Unterricht<\/a><a href=\"https:\/\/schule-in-adorf.de\/wp-content\/uploads\/2024\/01\/S25C-924011713480.pdf\" class=\"wp-block-file__button wp-element-button\" download aria-describedby=\"wp-block-file--media-3d36b23f-c9af-4eaa-9cb2-a1b6b9098418\">Herunterladen<\/a><\/div>\n\n\n\n<div class=\"wp-block-file\"><a id=\"wp-block-file--media-5a323144-f2ea-47da-b655-c21dde47624b\" href=\"https:\/\/schule-in-adorf.de\/wp-content\/uploads\/2024\/01\/Formular-Krankmeldung-fuer-Kinder.pdf\">Formular Kindkrankmeldung durch Eltern<\/a><a href=\"https:\/\/schule-in-adorf.de\/wp-content\/uploads\/2024\/01\/Formular-Krankmeldung-fuer-Kinder.pdf\" class=\"wp-block-file__button wp-element-button\" download aria-describedby=\"wp-block-file--media-5a323144-f2ea-47da-b655-c21dde47624b\">Herunterladen<\/a><\/div>\n\n\n\n<h5 class=\"wp-block-heading has-central-palette-2-color has-text-color\">Schulanmeldung<\/h5>\n\n\n\n<div class=\"wp-block-buttons is-layout-flex wp-block-buttons-is-layout-flex\">\n<div class=\"wp-block-button\"><a class=\"wp-block-button__link has-central-palette-4-background-color has-background wp-element-button\" href=\"https:\/\/schule-in-adorf.de\/?page_id=4209\" target=\"_blank\" rel=\"noreferrer noopener\">Formulare zur Schulanmeldung<\/a><\/div>\n<\/div>\n","protected":false},"excerpt":{"rendered":"<p>Allgemein F\u00fcr einen wirksamen Antrag zur Sch\u00fclerbef\u00f6rderung ben\u00f6tigen Sie den Stempel der Schule, welchen Sie im Sekretariat bekommen. Schulanmeldung<\/p>\n","protected":false},"author":40,"featured_media":0,"parent":0,"menu_order":0,"comment_status":"closed","ping_status":"closed","template":"","meta":{"ngg_post_thumbnail":0,"footnotes":""},"jetpack_sharing_enabled":true,"_links":{"self":[{"href":"https:\/\/schule-in-adorf.de\/index.php?rest_route=\/wp\/v2\/pages\/2808"}],"collection":[{"href":"https:\/\/schule-in-adorf.de\/index.php?rest_route=\/wp\/v2\/pages"}],"about":[{"href":"https:\/\/schule-in-adorf.de\/index.php?rest_route=\/wp\/v2\/types\/page"}],"author":[{"embeddable":true,"href":"https:\/\/schule-in-adorf.de\/index.php?rest_route=\/wp\/v2\/users\/40"}],"replies":[{"embeddable":true,"href":"https:\/\/schule-in-adorf.de\/index.php?rest_route=%2Fwp%2Fv2%2Fcomments&post=2808"}],"version-history":[{"count":20,"href":"https:\/\/schule-in-adorf.de\/index.php?rest_route=\/wp\/v2\/pages\/2808\/revisions"}],"predecessor-version":[{"id":4739,"href":"https:\/\/schule-in-adorf.de\/index.php?rest_route=\/wp\/v2\/pages\/2808\/revisions\/4739"}],"wp:attachment":[{"href":"https:\/\/schule-in-adorf.de\/index.php?rest_route=%2Fwp%2Fv2%2Fmedia&parent=2808"}],"curies":[{"name":"wp","href":"https:\/\/api.w.org\/{rel}","templated":true}]}}