{"id":2847,"date":"2020-04-17T13:06:00","date_gmt":"2020-04-17T11:06:00","guid":{"rendered":"http:\/\/schule-in-adorf.de\/?page_id=2847"},"modified":"2026-05-05T12:16:01","modified_gmt":"2026-05-05T10:16:01","slug":"startseite","status":"publish","type":"page","link":"https:\/\/schule-in-adorf.de\/","title":{"rendered":"Startseite"},"content":{"rendered":"\n<div class=\"wp-block-group is-nowrap is-layout-flex wp-container-core-group-layout-1 wp-block-group-is-layout-flex\"><div class=\"wp-block-image\">\n<figure class=\"aligncenter size-large is-resized\"><a href=\"https:\/\/i0.wp.com\/schule-in-adorf.de\/wp-content\/uploads\/2020\/08\/IMG_7869.jpg?ssl=1\"><img loading=\"lazy\" decoding=\"async\" width=\"840\" height=\"630\" src=\"https:\/\/i0.wp.com\/schule-in-adorf.de\/wp-content\/uploads\/2020\/08\/IMG_7869.jpg?resize=840%2C630&#038;ssl=1\" alt=\"\" class=\"wp-image-3409\" style=\"width:860px;height:auto\" srcset=\"https:\/\/i0.wp.com\/schule-in-adorf.de\/wp-content\/uploads\/2020\/08\/IMG_7869.jpg?resize=1024%2C768&amp;ssl=1 1024w, https:\/\/i0.wp.com\/schule-in-adorf.de\/wp-content\/uploads\/2020\/08\/IMG_7869.jpg?resize=300%2C225&amp;ssl=1 300w, https:\/\/i0.wp.com\/schule-in-adorf.de\/wp-content\/uploads\/2020\/08\/IMG_7869.jpg?resize=768%2C576&amp;ssl=1 768w, https:\/\/i0.wp.com\/schule-in-adorf.de\/wp-content\/uploads\/2020\/08\/IMG_7869.jpg?resize=1536%2C1152&amp;ssl=1 1536w, https:\/\/i0.wp.com\/schule-in-adorf.de\/wp-content\/uploads\/2020\/08\/IMG_7869.jpg?resize=1000%2C750&amp;ssl=1 1000w, https:\/\/i0.wp.com\/schule-in-adorf.de\/wp-content\/uploads\/2020\/08\/IMG_7869.jpg?resize=400%2C300&amp;ssl=1 400w, https:\/\/i0.wp.com\/schule-in-adorf.de\/wp-content\/uploads\/2020\/08\/IMG_7869.jpg?w=2016&amp;ssl=1 2016w, https:\/\/i0.wp.com\/schule-in-adorf.de\/wp-content\/uploads\/2020\/08\/IMG_7869.jpg?w=1680&amp;ssl=1 1680w\" sizes=\"(max-width: 840px) 100vw, 840px\" data-recalc-dims=\"1\" \/><\/a><\/figure><\/div><\/div>\n\n\n\n<hr class=\"wp-block-separator has-alpha-channel-opacity\"\/>\n\n\n\n<div class=\"wp-block-group is-layout-constrained wp-block-group-is-layout-constrained\"><div class=\"wp-block-group__inner-container\">\n<div class=\"wp-block-group is-content-justification-center is-nowrap is-layout-flex wp-container-core-group-layout-2 wp-block-group-is-layout-flex\"><\/div>\n<\/div><\/div>\n\n\n\n<div class=\"wp-block-group is-layout-constrained wp-block-group-is-layout-constrained\"><div class=\"wp-block-group__inner-container\">\n<div class=\"wp-block-media-text has-media-on-the-right is-stacked-on-mobile is-vertically-aligned-center\" style=\"grid-template-columns:auto 25%\"><div class=\"wp-block-media-text__content\">\n<p class=\"has-text-align-right\"><strong><mark style=\"background-color:rgba(0, 0, 0, 0)\" class=\"has-inline-color has-central-palette-2-color\">Hier gehts zum Hort!<\/mark><\/strong><\/p>\n<\/div><figure class=\"wp-block-media-text__media\"><a href=\"https:\/\/schule-in-adorf.de\/?page_id=2757\"><img decoding=\"async\" src=\"https:\/\/i0.wp.com\/schule-in-adorf.de\/wp-content\/uploads\/2013\/08\/LogoHort.jpg?w=840&#038;ssl=1\" alt=\"\" class=\"wp-image-1514 size-full\" data-recalc-dims=\"1\"\/><\/a><\/figure><\/div>\n<\/div><\/div>\n\n\n\n<hr class=\"wp-block-separator has-alpha-channel-opacity\"\/>\n\n\n\n<div class=\"wp-block-buttons is-content-justification-center is-nowrap is-layout-flex wp-container-core-buttons-layout-1 wp-block-buttons-is-layout-flex\">\n<div class=\"wp-block-button\"><a class=\"wp-block-button__link has-central-palette-1-color has-central-palette-2-background-color has-text-color has-background has-text-align-center wp-element-button\" href=\"https:\/\/www.daparto.de\/info\/sicherer-schulweg-ratgeber\/\" target=\"_blank\" rel=\"noreferrer noopener\">sicherer Schulweg<\/a><\/div>\n<\/div>\n\n\n\n<h2 class=\"wp-block-heading\"><mark style=\"background-color:rgba(0, 0, 0, 0)\" class=\"has-inline-color has-central-palette-2-color\">Aktuelles <\/mark><\/h2>\n\n\n<ul class=\"wp-block-latest-posts__list has-dates wp-block-latest-posts\"><li><div class=\"wp-block-latest-posts__featured-image alignleft\"><img loading=\"lazy\" decoding=\"async\" width=\"150\" height=\"150\" src=\"https:\/\/i0.wp.com\/schule-in-adorf.de\/wp-content\/uploads\/2026\/05\/1000140890.jpg?resize=150%2C150&amp;ssl=1\" class=\"attachment-thumbnail size-thumbnail wp-post-image\" alt=\"\" style=\"max-width:150px;max-height:150px;\" srcset=\"https:\/\/i0.wp.com\/schule-in-adorf.de\/wp-content\/uploads\/2026\/05\/1000140890.jpg?resize=150%2C150&amp;ssl=1 150w, https:\/\/i0.wp.com\/schule-in-adorf.de\/wp-content\/uploads\/2026\/05\/1000140890.jpg?resize=85%2C85&amp;ssl=1 85w, https:\/\/i0.wp.com\/schule-in-adorf.de\/wp-content\/uploads\/2026\/05\/1000140890.jpg?zoom=2&amp;resize=150%2C150&amp;ssl=1 300w, https:\/\/i0.wp.com\/schule-in-adorf.de\/wp-content\/uploads\/2026\/05\/1000140890.jpg?zoom=3&amp;resize=150%2C150&amp;ssl=1 450w\" sizes=\"(max-width: 150px) 100vw, 150px\" \/><\/div><a class=\"wp-block-latest-posts__post-title\" href=\"https:\/\/schule-in-adorf.de\/?p=4812\">R\u00fcckblick Tag der offenen T\u00fcr<\/a><time datetime=\"2026-05-05T08:26:46+02:00\" class=\"wp-block-latest-posts__post-date\">5. Mai 2026<\/time><div class=\"wp-block-latest-posts__post-excerpt\">&#8230;.ein sch\u00f6ner und erfolgreicher Tag der offenen T\u00fcr an unserer Grundschule liegt hinter uns. Wir m\u00f6chten uns noch einmal bei allen Helfern, Unterst\u00fctzern und\u00a0\u2026 <a href=\"https:\/\/schule-in-adorf.de\/?p=4812\" rel=\"noopener noreferrer\">Weiterlesen<span class=\"screen-reader-text\">: R\u00fcckblick Tag der offenen T\u00fcr<\/span><\/a><\/div><\/li>\n<\/ul>\n\n\n<p><\/p>\n","protected":false},"excerpt":{"rendered":"<p>Hier gehts zum Hort! Aktuelles<\/p>\n","protected":false},"author":40,"featured_media":0,"parent":0,"menu_order":0,"comment_status":"closed","ping_status":"closed","template":"","meta":{"ngg_post_thumbnail":0,"footnotes":""},"jetpack_sharing_enabled":true,"_links":{"self":[{"href":"https:\/\/schule-in-adorf.de\/index.php?rest_route=\/wp\/v2\/pages\/2847"}],"collection":[{"href":"https:\/\/schule-in-adorf.de\/index.php?rest_route=\/wp\/v2\/pages"}],"about":[{"href":"https:\/\/schule-in-adorf.de\/index.php?rest_route=\/wp\/v2\/types\/page"}],"author":[{"embeddable":true,"href":"https:\/\/schule-in-adorf.de\/index.php?rest_route=\/wp\/v2\/users\/40"}],"replies":[{"embeddable":true,"href":"https:\/\/schule-in-adorf.de\/index.php?rest_route=%2Fwp%2Fv2%2Fcomments&post=2847"}],"version-history":[{"count":100,"href":"https:\/\/schule-in-adorf.de\/index.php?rest_route=\/wp\/v2\/pages\/2847\/revisions"}],"predecessor-version":[{"id":4852,"href":"https:\/\/schule-in-adorf.de\/index.php?rest_route=\/wp\/v2\/pages\/2847\/revisions\/4852"}],"wp:attachment":[{"href":"https:\/\/schule-in-adorf.de\/index.php?rest_route=%2Fwp%2Fv2%2Fmedia&parent=2847"}],"curies":[{"name":"wp","href":"https:\/\/api.w.org\/{rel}","templated":true}]}}