{"id":3276,"date":"2020-06-22T13:29:02","date_gmt":"2020-06-22T11:29:02","guid":{"rendered":"http:\/\/schule-in-adorf.de\/?page_id=3276"},"modified":"2020-06-27T10:38:50","modified_gmt":"2020-06-27T08:38:50","slug":"schul-t-shirt","status":"publish","type":"page","link":"https:\/\/schule-in-adorf.de\/?page_id=3276","title":{"rendered":"Schul &#8211; T-Shirt"},"content":{"rendered":"\n<div class=\"wp-block-media-text alignwide has-media-on-the-right is-stacked-on-mobile\" style=\"grid-template-columns:auto 18%\"><figure class=\"wp-block-media-text__media\"><img loading=\"lazy\" decoding=\"async\" width=\"407\" height=\"124\" src=\"https:\/\/i0.wp.com\/schule-in-adorf.de\/wp-content\/uploads\/2020\/06\/R-1-Grundschule-Schullogoshirt_Logo-dkjs.jpg?resize=407%2C124&#038;ssl=1\" alt=\"\" class=\"wp-image-3282\" srcset=\"https:\/\/i0.wp.com\/schule-in-adorf.de\/wp-content\/uploads\/2020\/06\/R-1-Grundschule-Schullogoshirt_Logo-dkjs.jpg?w=407&amp;ssl=1 407w, https:\/\/i0.wp.com\/schule-in-adorf.de\/wp-content\/uploads\/2020\/06\/R-1-Grundschule-Schullogoshirt_Logo-dkjs.jpg?resize=300%2C91&amp;ssl=1 300w\" sizes=\"(max-width: 407px) 100vw, 407px\" data-recalc-dims=\"1\" \/><\/figure><div class=\"wp-block-media-text__content\">\n<p><strong><span class=\"has-inline-color has-central-palette-2-color\">Grundsch\u00fcler gestalten ihr eigenes Schul-LOGO<\/span><\/strong><\/p>\n<\/div><\/div>\n\n\n\n<div class=\"wp-block-group\"><div class=\"wp-block-group__inner-container is-layout-flow wp-block-group-is-layout-flow\">\n<p class=\"has-text-align-center\">Die Kinder der dritten und vierten Klassen der Grundschule Adorf wurden im Jahr 2019 beauftragt, sich ein neues Schul-Logo auszudenken. In der vorher stattgefundenen ersten Schulkonferenz hatten die gew\u00e4hlten Elternvertreter und Lehrer einstimmig einem neuen Schul-LOGO zugestimmt. So brachten die Sch\u00fcler viele tolle Ideen zu Papier. Eine Jury aus Vertretern der Stadt, des Eltern- und Lehrerrates und nat\u00fcrlich einigen Kindern der Klasse 3 und 4 hatten dann die Qual der Wahl sich f\u00fcr ein Logo zu entscheiden.<\/p>\n<\/div><\/div>\n\n\n\n<div class=\"wp-block-media-text alignwide is-stacked-on-mobile\" style=\"grid-template-columns:40% auto\"><figure class=\"wp-block-media-text__media\"><img decoding=\"async\" src=\"https:\/\/i0.wp.com\/schule-in-adorf.de\/wp-content\/uploads\/2020\/04\/Logo_GrundSchule_Adorf_figuren_weiss.png?w=840&#038;ssl=1\" alt=\"\" class=\"wp-image-2750\" data-recalc-dims=\"1\"\/><\/figure><div class=\"wp-block-media-text__content\">\n<p class=\"has-text-align-center\">Das Motiv von Anne Jacob und Raphael Lange aus der Klasse 4b, das in einer Gemeinschaftsarbeit entstand, machte letztendlich das Rennen.<\/p>\n<\/div><\/div>\n\n\n\n<div class=\"wp-block-group\"><div class=\"wp-block-group__inner-container is-layout-flow wp-block-group-is-layout-flow\">\n<div class=\"wp-block-group\"><div class=\"wp-block-group__inner-container is-layout-flow wp-block-group-is-layout-flow\">\n<div class=\"wp-block-media-text alignwide has-media-on-the-right is-stacked-on-mobile\"><figure class=\"wp-block-media-text__media\"><img loading=\"lazy\" decoding=\"async\" width=\"768\" height=\"1024\" src=\"https:\/\/i0.wp.com\/schule-in-adorf.de\/wp-content\/uploads\/2020\/06\/R-1-Grundschule-Schullogoshirts1.jpg?resize=768%2C1024&#038;ssl=1\" alt=\"\" class=\"wp-image-3281\" srcset=\"https:\/\/i0.wp.com\/schule-in-adorf.de\/wp-content\/uploads\/2020\/06\/R-1-Grundschule-Schullogoshirts1.jpg?w=768&amp;ssl=1 768w, https:\/\/i0.wp.com\/schule-in-adorf.de\/wp-content\/uploads\/2020\/06\/R-1-Grundschule-Schullogoshirts1.jpg?resize=225%2C300&amp;ssl=1 225w\" sizes=\"(max-width: 768px) 100vw, 768px\" data-recalc-dims=\"1\" \/><\/figure><div class=\"wp-block-media-text__content\">\n<p class=\"has-text-align-center\">P\u00fcnktlich vor den Weihnachtsferien konnten sich alle Kinder der Grundschule \u00fcber ein Schul &#8211; T-Shirt mit diesem neuen Logo freuen! Zu sportlichen und kulturellen Veranstaltungen, sowie Wandertagen soll dieses T-Shirt dann getragen werden.<\/p>\n<\/div><\/div>\n<\/div><\/div>\n<\/div><\/div>\n\n\n\n<p class=\"has-text-align-center\">Wir danken der Stadt Adorf, der Deutschen Kinder- und Jugendstiftung (DKJS), sowie dem Landesprogramm \u201eWeltoffenes Sachsen f\u00fcr Demokratie und Toleranz\u201c f\u00fcr die die finanzielle Unterst\u00fctzung bei diesem tollen Projekt.<\/p>\n\n\n\n<p class=\"has-text-align-center\"> Unser Wunsch ist es, dass dieses T-Shirt den Stolz auf unsere Schule und ein Zusammengeh\u00f6rigkeitsgef\u00fchl symbolisiert. Die Kinder k\u00f6nnen es in der Schule, zu Sportwettk\u00e4mpfen, Klassenfahrten oder Tagesausfl\u00fcgen tragen. Da wir jedes Jahr f\u00fcr die neuen Schulanf\u00e4nger weitere T-Shirts ben\u00f6tigen, w\u00fcrden wir uns \u00fcber Sponsoren sehr freuen.<\/p>\n\n\n\n<p class=\"has-text-align-center\"><br \/>I. Woitynek<br \/> Schulleiterin<\/p>\n\n\n\n<div class=\"wp-block-group is-layout-flow wp-block-group-is-layout-flow\"><div class=\"wp-block-group__inner-container\"><\/div><\/div>\n","protected":false},"excerpt":{"rendered":"<p>Grundsch\u00fcler gestalten ihr eigenes Schul-LOGO Die Kinder der dritten und vierten Klassen der Grundschule Adorf wurden im Jahr 2019 beauftragt, sich ein neues Schul-Logo auszudenken. In der vorher stattgefundenen ersten Schulkonferenz hatten die gew\u00e4hlten Elternvertreter und Lehrer einstimmig einem neuen Schul-LOGO zugestimmt. So brachten die Sch\u00fcler viele tolle Ideen zu Papier. Eine Jury aus Vertretern [&hellip;]<\/p>\n","protected":false},"author":40,"featured_media":0,"parent":0,"menu_order":0,"comment_status":"closed","ping_status":"closed","template":"","meta":{"ngg_post_thumbnail":0,"footnotes":""},"jetpack_sharing_enabled":true,"_links":{"self":[{"href":"https:\/\/schule-in-adorf.de\/index.php?rest_route=\/wp\/v2\/pages\/3276"}],"collection":[{"href":"https:\/\/schule-in-adorf.de\/index.php?rest_route=\/wp\/v2\/pages"}],"about":[{"href":"https:\/\/schule-in-adorf.de\/index.php?rest_route=\/wp\/v2\/types\/page"}],"author":[{"embeddable":true,"href":"https:\/\/schule-in-adorf.de\/index.php?rest_route=\/wp\/v2\/users\/40"}],"replies":[{"embeddable":true,"href":"https:\/\/schule-in-adorf.de\/index.php?rest_route=%2Fwp%2Fv2%2Fcomments&post=3276"}],"version-history":[{"count":4,"href":"https:\/\/schule-in-adorf.de\/index.php?rest_route=\/wp\/v2\/pages\/3276\/revisions"}],"predecessor-version":[{"id":3292,"href":"https:\/\/schule-in-adorf.de\/index.php?rest_route=\/wp\/v2\/pages\/3276\/revisions\/3292"}],"wp:attachment":[{"href":"https:\/\/schule-in-adorf.de\/index.php?rest_route=%2Fwp%2Fv2%2Fmedia&parent=3276"}],"curies":[{"name":"wp","href":"https:\/\/api.w.org\/{rel}","templated":true}]}}