{"id":3635,"date":"2021-01-04T09:32:49","date_gmt":"2021-01-04T08:32:49","guid":{"rendered":"http:\/\/schule-in-adorf.de\/?page_id=3635"},"modified":"2021-02-08T08:52:32","modified_gmt":"2021-02-08T07:52:32","slug":"lernaufgaben-homeschooling","status":"publish","type":"page","link":"https:\/\/schule-in-adorf.de\/?page_id=3635","title":{"rendered":"Lernaufgaben (Homeschooling)"},"content":{"rendered":"\n<p><strong><span class=\"has-inline-color has-central-palette-2-color\"><span style=\"text-decoration: underline;\">Klasse 3<\/span><\/span><\/strong><\/p>\n\n\n\n<div class=\"wp-block-file\"><a href=\"https:\/\/schule-in-adorf.de\/wp-content\/uploads\/2021\/02\/S22C-6e21020808510_0001.pdf\">Lernplan vom 08.02 &#8211; 12.02. Mathe<\/a><a href=\"https:\/\/schule-in-adorf.de\/wp-content\/uploads\/2021\/02\/S22C-6e21020808510_0001.pdf\" class=\"wp-block-file__button\" download>Herunterladen<\/a><\/div>\n\n\n\n<div class=\"wp-block-file\"><a href=\"https:\/\/schule-in-adorf.de\/wp-content\/uploads\/2021\/02\/S22C-6e21020808510_0003.pdf\">Arbeitsblatt Mathe<\/a><a href=\"https:\/\/schule-in-adorf.de\/wp-content\/uploads\/2021\/02\/S22C-6e21020808510_0003.pdf\" class=\"wp-block-file__button\" download>Herunterladen<\/a><\/div>\n\n\n\n<div class=\"wp-block-file\"><a href=\"https:\/\/schule-in-adorf.de\/wp-content\/uploads\/2021\/02\/S22C-6e21020808510_0004.pdf\">Arbeitsblatt Deutsch<\/a><a href=\"https:\/\/schule-in-adorf.de\/wp-content\/uploads\/2021\/02\/S22C-6e21020808510_0004.pdf\" class=\"wp-block-file__button\" download>Herunterladen<\/a><\/div>\n\n\n\n<div class=\"wp-block-file\"><a href=\"https:\/\/schule-in-adorf.de\/wp-content\/uploads\/2021\/02\/S22C-6e21020808510_0002.pdf\">Lernplan vom 08.02. &#8211; 12.02. Deutsch<\/a><a href=\"https:\/\/schule-in-adorf.de\/wp-content\/uploads\/2021\/02\/S22C-6e21020808510_0002.pdf\" class=\"wp-block-file__button\" download>Herunterladen<\/a><\/div>\n\n\n\n<hr class=\"wp-block-separator\"\/>\n\n\n\n<p class=\"has-normal-font-size\"><strong><span class=\"has-inline-color has-central-palette-2-color\"><span style=\"text-decoration: underline;\">Klasse 4b<\/span><\/span><\/strong><\/p>\n\n\n\n<div class=\"wp-block-file\"><a href=\"https:\/\/schule-in-adorf.de\/wp-content\/uploads\/2021\/02\/img_20210207_1153516461861963984642053.jpg\">Lernaufgaben vom 08.02. &#8211; 12.02.<\/a><a href=\"https:\/\/schule-in-adorf.de\/wp-content\/uploads\/2021\/02\/img_20210207_1153516461861963984642053.jpg\" class=\"wp-block-file__button\" download>Herunterladen<\/a><\/div>\n\n\n\n<hr class=\"wp-block-separator\"\/>\n\n\n\n<p>Alle anderen Klassen erhalten die neuen Lernaufgaben auf anderem Wege.<\/p>\n\n\n\n<hr class=\"wp-block-separator\"\/>\n\n\n\n<p class=\"has-text-align-left\">Lernvideos f\u00fcr den Religionsunterricht mit freundlichem Gru\u00df empfohlen von Frau H\u00f6rath.<\/p>\n\n\n\n<p><strong>Klasse 4:<\/strong><\/p>\n\n\n\n<figure class=\"wp-block-embed-youtube wp-block-embed is-type-video is-provider-youtube wp-embed-aspect-16-9 wp-has-aspect-ratio\"><div class=\"wp-block-embed__wrapper\">\n<div class=\"jetpack-video-wrapper\"><iframe loading=\"lazy\" title=\"Was ist die Bibel?\" width=\"840\" height=\"473\" src=\"https:\/\/www.youtube.com\/embed\/mk5zCuVs7Jk?feature=oembed\" frameborder=\"0\" allow=\"accelerometer; autoplay; clipboard-write; encrypted-media; gyroscope; picture-in-picture\" allowfullscreen><\/iframe><\/div>\n<\/div><\/figure>\n\n\n\n<p><strong>Klasse 3:<\/strong><\/p>\n\n\n\n<figure class=\"wp-block-embed-youtube wp-block-embed is-type-video is-provider-youtube wp-embed-aspect-16-9 wp-has-aspect-ratio\"><div class=\"wp-block-embed__wrapper\">\n<div class=\"jetpack-video-wrapper\"><iframe loading=\"lazy\" title=\"Der Judentum-Check | Reportage f\u00fcr Kinder | Checker Tobi\" width=\"840\" height=\"473\" src=\"https:\/\/www.youtube.com\/embed\/I1bA-uUvBao?feature=oembed\" frameborder=\"0\" allow=\"accelerometer; autoplay; clipboard-write; encrypted-media; gyroscope; picture-in-picture\" allowfullscreen><\/iframe><\/div>\n<\/div><\/figure>\n","protected":false},"excerpt":{"rendered":"<p>Klasse 3 Klasse 4b Alle anderen Klassen erhalten die neuen Lernaufgaben auf anderem Wege. Lernvideos f\u00fcr den Religionsunterricht mit freundlichem Gru\u00df empfohlen von Frau H\u00f6rath. Klasse 4: Klasse 3:<\/p>\n","protected":false},"author":40,"featured_media":0,"parent":0,"menu_order":0,"comment_status":"closed","ping_status":"closed","template":"","meta":{"ngg_post_thumbnail":0,"footnotes":""},"jetpack_sharing_enabled":true,"_links":{"self":[{"href":"https:\/\/schule-in-adorf.de\/index.php?rest_route=\/wp\/v2\/pages\/3635"}],"collection":[{"href":"https:\/\/schule-in-adorf.de\/index.php?rest_route=\/wp\/v2\/pages"}],"about":[{"href":"https:\/\/schule-in-adorf.de\/index.php?rest_route=\/wp\/v2\/types\/page"}],"author":[{"embeddable":true,"href":"https:\/\/schule-in-adorf.de\/index.php?rest_route=\/wp\/v2\/users\/40"}],"replies":[{"embeddable":true,"href":"https:\/\/schule-in-adorf.de\/index.php?rest_route=%2Fwp%2Fv2%2Fcomments&post=3635"}],"version-history":[{"count":14,"href":"https:\/\/schule-in-adorf.de\/index.php?rest_route=\/wp\/v2\/pages\/3635\/revisions"}],"predecessor-version":[{"id":3767,"href":"https:\/\/schule-in-adorf.de\/index.php?rest_route=\/wp\/v2\/pages\/3635\/revisions\/3767"}],"wp:attachment":[{"href":"https:\/\/schule-in-adorf.de\/index.php?rest_route=%2Fwp%2Fv2%2Fmedia&parent=3635"}],"curies":[{"name":"wp","href":"https:\/\/api.w.org\/{rel}","templated":true}]}}